{"id":15,"date":"2010-11-28T23:19:12","date_gmt":"2010-11-28T21:19:12","guid":{"rendered":"http:\/\/salot.fi\/toimintaterapia\/?page_id=15"},"modified":"2013-04-29T20:11:58","modified_gmt":"2013-04-29T17:11:58","slug":"toimitilat-ja-terapiavalineet","status":"publish","type":"page","link":"https:\/\/salot.fi\/toimintaterapia\/?page_id=15","title":{"rendered":"Toimitilat ja terapiav\u00e4lineet"},"content":{"rendered":"<p>Toimitilani sijaitsevat H\u00e4meenlinnassa, osoitteessa Saaristenkatu 22 B,\u00a0 H\u00e4meenlinna.<\/p>\n<p>Terapiahuoneita on kaksi, joissa paljon sensorisen integraation terapian v\u00e4lineist\u00f6\u00e4, leluja, rakentelusarjoja\u00a0ja pelej\u00e4.<\/p>\n<p>Kuvia terapiatiloista:<a href=\"http:\/\/salot.fi\/toimintaterapia\/wp-content\/uploads\/2010\/11\/DSC_0112.jpg\"><br \/>\n<\/a><a href=\"http:\/\/salot.fi\/toimintaterapia\/wp-content\/uploads\/2010\/11\/DSC_0038.jpg\"><img loading=\"lazy\" decoding=\"async\" class=\"aligncenter size-full wp-image-179\" alt=\"DSC_0038\" src=\"http:\/\/salot.fi\/toimintaterapia\/wp-content\/uploads\/2010\/11\/DSC_0038.jpg\" width=\"602\" height=\"365\" \/><\/a><br \/>\n<a href=\"http:\/\/salot.fi\/toimintaterapia\/wp-content\/uploads\/2010\/11\/DSC_0034.jpg\"><img loading=\"lazy\" decoding=\"async\" class=\"aligncenter size-full wp-image-185\" alt=\"DSC_0034\" src=\"http:\/\/salot.fi\/toimintaterapia\/wp-content\/uploads\/2010\/11\/DSC_0034.jpg\" width=\"602\" height=\"365\" \/><br \/>\n<\/a><a href=\"http:\/\/salot.fi\/toimintaterapia\/wp-content\/uploads\/2010\/11\/DSC_0041.jpg\"><img loading=\"lazy\" decoding=\"async\" class=\"aligncenter size-full wp-image-186\" alt=\"DSC_0041\" src=\"http:\/\/salot.fi\/toimintaterapia\/wp-content\/uploads\/2010\/11\/DSC_0041.jpg\" width=\"602\" height=\"365\" \/><br \/>\n<\/a><a href=\"http:\/\/salot.fi\/toimintaterapia\/wp-content\/uploads\/2010\/11\/DSC_0042.jpg\"><img loading=\"lazy\" decoding=\"async\" class=\"aligncenter size-full wp-image-187\" alt=\"DSC_0042\" src=\"http:\/\/salot.fi\/toimintaterapia\/wp-content\/uploads\/2010\/11\/DSC_0042.jpg\" width=\"602\" height=\"366\" \/><br \/>\n<\/a><a href=\"http:\/\/salot.fi\/toimintaterapia\/wp-content\/uploads\/2010\/11\/DSC_0112.jpg\"><img loading=\"lazy\" decoding=\"async\" class=\"aligncenter size-full wp-image-182\" alt=\"DSC_0112\" src=\"http:\/\/salot.fi\/toimintaterapia\/wp-content\/uploads\/2010\/11\/DSC_0112.jpg\" width=\"602\" height=\"369\" \/><br \/>\n<\/a><a href=\"http:\/\/salot.fi\/toimintaterapia\/wp-content\/uploads\/2010\/11\/DSC_0073.jpg\"><img loading=\"lazy\" decoding=\"async\" class=\"aligncenter size-full wp-image-181\" alt=\"DSC_0073\" src=\"http:\/\/salot.fi\/toimintaterapia\/wp-content\/uploads\/2010\/11\/DSC_0073.jpg\" width=\"619\" height=\"372\" \/><br \/>\n<\/a><a href=\"http:\/\/salot.fi\/toimintaterapia\/wp-content\/uploads\/2010\/11\/DSC_0123.jpg\"><img loading=\"lazy\" decoding=\"async\" class=\"aligncenter size-full wp-image-183\" alt=\"DSC_0123\" src=\"http:\/\/salot.fi\/toimintaterapia\/wp-content\/uploads\/2010\/11\/DSC_0123.jpg\" width=\"602\" height=\"366\" \/><br \/>\n<\/a><a href=\"http:\/\/salot.fi\/toimintaterapia\/wp-content\/uploads\/2010\/11\/DSC_0133.jpg\"><img loading=\"lazy\" decoding=\"async\" class=\"aligncenter size-full wp-image-184\" alt=\"DSC_0133\" src=\"http:\/\/salot.fi\/toimintaterapia\/wp-content\/uploads\/2010\/11\/DSC_0133.jpg\" width=\"621\" height=\"368\" \/><\/a> <a href=\"http:\/\/salot.fi\/toimintaterapia\/wp-content\/uploads\/2010\/11\/DSC_0041.jpg\"><br \/>\n<\/a><\/p>\n<p><a href=\"http:\/\/salot.fi\/toimintaterapia\/wp-content\/uploads\/2010\/11\/DSC_0069.jpg\"><img loading=\"lazy\" decoding=\"async\" class=\"aligncenter size-full wp-image-189\" alt=\"DSC_0069\" src=\"http:\/\/salot.fi\/toimintaterapia\/wp-content\/uploads\/2010\/11\/DSC_0069.jpg\" width=\"610\" height=\"358\" \/><br \/>\n<\/a> <a href=\"http:\/\/salot.fi\/toimintaterapia\/wp-content\/uploads\/2010\/11\/DSC_0052.jpg\"><img loading=\"lazy\" decoding=\"async\" class=\"aligncenter size-full wp-image-188\" alt=\"DSC_0052\" src=\"http:\/\/salot.fi\/toimintaterapia\/wp-content\/uploads\/2010\/11\/DSC_0052.jpg\" width=\"400\" height=\"614\" \/><\/a><\/p>\n","protected":false},"excerpt":{"rendered":"<p>Toimitilani sijaitsevat H\u00e4meenlinnassa, osoitteessa Saaristenkatu 22 B,\u00a0 H\u00e4meenlinna. Terapiahuoneita on kaksi, joissa paljon sensorisen integraation terapian v\u00e4lineist\u00f6\u00e4, leluja, rakentelusarjoja\u00a0ja pelej\u00e4. Kuvia terapiatiloista:<\/p>\n","protected":false},"author":1,"featured_media":0,"parent":0,"menu_order":0,"comment_status":"closed","ping_status":"closed","template":"","meta":{"footnotes":""},"class_list":["post-15","page","type-page","status-publish","hentry"],"_links":{"self":[{"href":"https:\/\/salot.fi\/toimintaterapia\/index.php?rest_route=\/wp\/v2\/pages\/15","targetHints":{"allow":["GET"]}}],"collection":[{"href":"https:\/\/salot.fi\/toimintaterapia\/index.php?rest_route=\/wp\/v2\/pages"}],"about":[{"href":"https:\/\/salot.fi\/toimintaterapia\/index.php?rest_route=\/wp\/v2\/types\/page"}],"author":[{"embeddable":true,"href":"https:\/\/salot.fi\/toimintaterapia\/index.php?rest_route=\/wp\/v2\/users\/1"}],"replies":[{"embeddable":true,"href":"https:\/\/salot.fi\/toimintaterapia\/index.php?rest_route=%2Fwp%2Fv2%2Fcomments&post=15"}],"version-history":[{"count":18,"href":"https:\/\/salot.fi\/toimintaterapia\/index.php?rest_route=\/wp\/v2\/pages\/15\/revisions"}],"predecessor-version":[{"id":17,"href":"https:\/\/salot.fi\/toimintaterapia\/index.php?rest_route=\/wp\/v2\/pages\/15\/revisions\/17"}],"wp:attachment":[{"href":"https:\/\/salot.fi\/toimintaterapia\/index.php?rest_route=%2Fwp%2Fv2%2Fmedia&parent=15"}],"curies":[{"name":"wp","href":"https:\/\/api.w.org\/{rel}","templated":true}]}}