{"id":2,"date":"2008-09-29T16:29:22","date_gmt":"2008-09-29T21:29:22","guid":{"rendered":"http:\/\/salot.fi\/toimintaterapia\/?page_id=2"},"modified":"2013-05-05T16:58:24","modified_gmt":"2013-05-05T13:58:24","slug":"about","status":"publish","type":"page","link":"https:\/\/salot.fi\/toimintaterapia\/","title":{"rendered":"Etusivu"},"content":{"rendered":"<p><strong>\u00a0Toimintaterapeutti on yksi laillistetuista terveydenhuollon ammateista. Toimintaterapeutin ammattinimikett\u00e4 voivat k\u00e4ytt\u00e4\u00e4 vain \u00a0tutkinnon suorittaneet henkil\u00f6t.<\/strong><\/p>\n<p><strong>\u00a0Lasten toimintaterapian tavoitteena on tukea lapsen kokonaiskehityst\u00e4 ja omatoimisuutta sek\u00e4 itsetuntoa.\u00a0 <\/strong><\/p>\n<p>Toimintaterapia perustuu tehtyyn toimintaterapiatutkimukseen ja kuntoutussuunnitelmaan. Toimintaterapian\u00a0\u00a0tavoitteet\u00a0laaditaan yhdess\u00e4\u00a0 lapsen vanhempien tai huoltajien kanssa. Toimintaterapian tavoitteena on sensomotoristen, kognitiivisten ja sosioemotionaalisten valmiuksien parantaminen, jotka ovat perustana ik\u00e4tasoiselle toimintakyvylle itsest\u00e4 huolehtimisessa, leikiss\u00e4, koulussa ja vapaa-aikana. Toimintaterapiassa lapsi osallistuu itse toiminnan suunnitteluun ja h\u00e4nt\u00e4 tuetaan itseohjautuvuuteen.<\/p>\n<p>Lasten toimintaterapian menetelmin\u00e4 k\u00e4ytet\u00e4\u00e4n sensorisen integraation terapiaa, leikki\u00e4, rakentelua, luovia toimintoja, pelej\u00e4 ja muita teht\u00e4vi\u00e4. Tavoitteista riippuen toimintaterapiassa voidaan harjoitella my\u00f6s yksitt\u00e4isi\u00e4 taitoja, kuten pukeutumista. T\u00e4rke\u00e4n\u00e4 osana terapiaan kuuluu my\u00f6s yhteisty\u00f6 vanhempien, p\u00e4iv\u00e4kodin, koulun tai muiden lapsen hoitoon\u00a0 ja kuntoutukseen osallistuvien kanssa.<\/p>\n","protected":false},"excerpt":{"rendered":"<p>\u00a0Toimintaterapeutti on yksi laillistetuista terveydenhuollon ammateista. Toimintaterapeutin ammattinimikett\u00e4 voivat k\u00e4ytt\u00e4\u00e4 vain \u00a0tutkinnon suorittaneet henkil\u00f6t. \u00a0Lasten toimintaterapian tavoitteena on tukea lapsen kokonaiskehityst\u00e4 ja omatoimisuutta sek\u00e4 itsetuntoa.\u00a0 Toimintaterapia perustuu tehtyyn toimintaterapiatutkimukseen ja kuntoutussuunnitelmaan. Toimintaterapian\u00a0\u00a0tavoitteet\u00a0laaditaan yhdess\u00e4\u00a0 lapsen vanhempien tai huoltajien kanssa. Toimintaterapian tavoitteena on sensomotoristen, kognitiivisten ja sosioemotionaalisten valmiuksien parantaminen, jotka ovat perustana ik\u00e4tasoiselle toimintakyvylle itsest\u00e4 huolehtimisessa, leikiss\u00e4, [&hellip;]<\/p>\n","protected":false},"author":1,"featured_media":0,"parent":0,"menu_order":0,"comment_status":"closed","ping_status":"closed","template":"","meta":{"footnotes":""},"class_list":["post-2","page","type-page","status-publish","hentry"],"_links":{"self":[{"href":"https:\/\/salot.fi\/toimintaterapia\/index.php?rest_route=\/wp\/v2\/pages\/2","targetHints":{"allow":["GET"]}}],"collection":[{"href":"https:\/\/salot.fi\/toimintaterapia\/index.php?rest_route=\/wp\/v2\/pages"}],"about":[{"href":"https:\/\/salot.fi\/toimintaterapia\/index.php?rest_route=\/wp\/v2\/types\/page"}],"author":[{"embeddable":true,"href":"https:\/\/salot.fi\/toimintaterapia\/index.php?rest_route=\/wp\/v2\/users\/1"}],"replies":[{"embeddable":true,"href":"https:\/\/salot.fi\/toimintaterapia\/index.php?rest_route=%2Fwp%2Fv2%2Fcomments&post=2"}],"version-history":[{"count":28,"href":"https:\/\/salot.fi\/toimintaterapia\/index.php?rest_route=\/wp\/v2\/pages\/2\/revisions"}],"predecessor-version":[{"id":9,"href":"https:\/\/salot.fi\/toimintaterapia\/index.php?rest_route=\/wp\/v2\/pages\/2\/revisions\/9"}],"wp:attachment":[{"href":"https:\/\/salot.fi\/toimintaterapia\/index.php?rest_route=%2Fwp%2Fv2%2Fmedia&parent=2"}],"curies":[{"name":"wp","href":"https:\/\/api.w.org\/{rel}","templated":true}]}}